{"id":80,"date":"2014-09-06T19:22:24","date_gmt":"2014-09-06T19:22:24","guid":{"rendered":"http:\/\/lestfrexgn.cluster020.hosting.ovh.net\/?page_id=80"},"modified":"2023-02-26T15:26:04","modified_gmt":"2023-02-26T14:26:04","slug":"jean-yves-trarbach","status":"publish","type":"page","link":"https:\/\/les2t.fr\/en_us\/jean-yves-trarbach\/","title":{"rendered":"Jean-Yves TRARBACH"},"content":{"rendered":"<p>[et_pb_section fb_built=\u00a0\u00bb1&Prime; _builder_version=\u00a0\u00bb4.16&Prime; global_colors_info=\u00a0\u00bb{}\u00a0\u00bb][et_pb_row _builder_version=\u00a0\u00bb4.16&Prime; background_size=\u00a0\u00bbinitial\u00a0\u00bb background_position=\u00a0\u00bbtop_left\u00a0\u00bb background_repeat=\u00a0\u00bbrepeat\u00a0\u00bb global_colors_info=\u00a0\u00bb{}\u00a0\u00bb][et_pb_column type=\u00a0\u00bb4_4&Prime; _builder_version=\u00a0\u00bb4.16&Prime; custom_padding=\u00a0\u00bb|||\u00a0\u00bb global_colors_info=\u00a0\u00bb{}\u00a0\u00bb custom_padding__hover=\u00a0\u00bb|||\u00a0\u00bb][et_pb_image src=\u00a0\u00bbhttps:\/\/les2t.fr\/wp-content\/uploads\/2020\/09\/JYT_NEW.png\u00a0\u00bb alt=\u00a0\u00bbPhoto Jean-Yves\u00a0\u00bb title_text=\u00a0\u00bbJYT_NEW\u00a0\u00bb align=\u00a0\u00bbcenter\u00a0\u00bb _builder_version=\u00a0\u00bb4.16&Prime; _module_preset=\u00a0\u00bbdefault\u00a0\u00bb width=\u00a0\u00bb25%\u00a0\u00bb border_color_all=\u00a0\u00bbrgba(0,0,0,0)\u00a0\u00bb border_style_all=\u00a0\u00bbnone\u00a0\u00bb global_colors_info=\u00a0\u00bb{}\u00a0\u00bb][\/et_pb_image][et_pb_text _builder_version=\u00a0\u00bb4.18.0&Prime; _module_preset=\u00a0\u00bbdefault\u00a0\u00bb global_colors_info=\u00a0\u00bb{}\u00a0\u00bb]<\/p>\n<p>Jean-Yves TRARBACH<\/p>\n<p><strong>MVP cat\u00e9gorie Windows and Devices for IT de 2016 \u00e0 2022<\/strong><\/p>\n<p>[\/et_pb_text][et_pb_text _builder_version=\u00a0\u00bb4.16&Prime; background_size=\u00a0\u00bbinitial\u00a0\u00bb background_position=\u00a0\u00bbtop_left\u00a0\u00bb background_repeat=\u00a0\u00bbrepeat\u00a0\u00bb global_colors_info=\u00a0\u00bb{}\u00a0\u00bb]<\/p>\n<p>\u00a0Voici un petit r\u00e9sum\u00e9 de ma carri\u00e8re :<\/p>\n<p><strong>CTO Modern Workplace<\/strong><br \/>Metsys<br \/>Depuis\u00a0 janvier 2022<br \/>Mission en projet, de cadrage et d&rsquo;expertise<br \/>Avant vente<\/p>\n<p>&nbsp;<\/p>\n<p><strong>Head of Modern Workplace<\/strong><br \/>Metsys<br \/>juillet 2019 &#8211; janvier 2022<br \/>Direction de la practice Modern Workplace<br \/>Mission en projet, de cadrage et d&rsquo;expertise<br \/>Avant vente<\/p>\n<p>&nbsp;<\/p>\n<p><strong>Architeque Technique<\/strong><br \/>Infeeny<br \/>novembre 2015 &#8211; juillet 2019<br \/>Mission en projet, de cadrage et d&rsquo;expertise.<\/p>\n<p>&nbsp;<\/p>\n<p><strong>Architeque Technique<\/strong><br \/>Econocom<br \/>novembre 2013 &#8211; novembre 2015<br \/>J\u2019effectue des missions pour diff\u00e9rent Minist\u00e8re : D\u00e9fense, Finances, Justice concernant le poste de travail.<\/p>\n<p>&nbsp;<\/p>\n<p><strong>Administrateur syst\u00e8me &#8211; Chef de cellule<\/strong><br \/>Minist\u00e8re de la D\u00e9fense \/ DIRISI<br \/>janvier 2010 \u2013 octobre 2013<\/p>\n<p>&nbsp;<\/p>\n<p>Gestion de 10 personnels en interne \u2013 10 en externe.<br \/>Migration de plusieurs for\u00eats Windows 2003 vers un domaine unique national Windows 2008 (Cr\u00e9ation de scripts et ex\u00e9cution)<br \/>Migration de messagerie de POSTFIX, Exchange 2003, Exchange 5.5 et Lotus vers messagerie nationale Exchange 2010 (Cr\u00e9ation de scripts et ex\u00e9cution)<br \/>Impl\u00e9mentation et administration de plus de 400 serveurs SCCM.<br \/>D\u00e9ploiement et cr\u00e9ation de master Windows 7 (SCCM) au niveau de la D\u00e9fense (objectif 150 000 postes).<br \/>D\u00e9ploiement et packaging d\u2019applications (SCCM) au niveau de la D\u00e9fense.<br \/>Administrateur national Active directory 2008 \u2013 Exchange 2010 SP1<br \/>Administration r\u00e9gional des anciens domaines.<br \/>Administration r\u00e9gional des serveurs Linux (DNS, Messagerie, LDAP \u2026)<br \/>Administration des serveurs de messagerie.<br \/>Expert technique aupr\u00e8s des soci\u00e9t\u00e9s Thal\u00e9s &#8211; Cassidian \u2013 Bull \u2013 St\u00e9ria \u2013 Computacenter \u2013 Microsoft France, ma\u00eetrises d\u2019\u0153uvre pour la D\u00e9fense.<br \/>Intervenant \u2013 Animateur \u00ab Journ\u00e9e Appel Pr\u00e9paration D\u00e9fense \u00bb.<\/p>\n<p>&nbsp;<\/p>\n<p><strong>Chef cellule Administration linux<\/strong><br \/>Minist\u00e8re de la D\u00e9fense \/ DIRISI<br \/>ao\u00fbt 2008 \u2013 d\u00e9cembre 2009<\/p>\n<p>&nbsp;<\/p>\n<p>Gestion de 3 personnels en interne.<br \/>Administration r\u00e9gionale (IDF) de serveur Linux CENTOS 5.X<br \/>Administration DNS BIND.<br \/>Administration; messagerie POSTFIX (9000 bo\u00eetes), administration LDAP.<br \/>D\u00e9veloppement de sites web m\u00e9tier et de portails en PHP\u00a0.<br \/>D\u00e9veloppement d\u2019une solution d\u2019h\u00e9bergement (Template modifiable) Joomla niveau national.<br \/>Intervenant \u2013 Animateur \u00ab Journ\u00e9e Appel Pr\u00e9paration D\u00e9fense \u00bb.<\/p>\n<p>&nbsp;<\/p>\n<p><strong>Administrateur syst\u00e8me &#8211; Adjoint chef de cellule<\/strong><br \/>Minist\u00e8re de la D\u00e9fense \/ Service National<br \/>ao\u00fbt 2002 \u2013 juillet 2008<\/p>\n<p>&nbsp;<\/p>\n<p>Gestion de 10 personnels en interne.<br \/>Gestion et maintien d\u2019un parc de 300 machines sous Windows 2000 et XP. Administration d\u2019un domaine W2000 puis W2003 avec migration de domaine. Administration Exchange 2000 puis 2003, Administration ISA SERVER.<br \/>Administration et installation de solutions de d\u00e9ploiement \u00e0 distance (RIS). Administration d\u2019anti-virus serveur.<br \/>D\u00e9veloppement de site web m\u00e9tier sous PHP et PCSOFT WEBDEV.<br \/>Relation utilisateur. Formateur WEBDEV.<br \/>Intervenant \u2013 Animateur \u00ab Journ\u00e9e Appel Pr\u00e9paration D\u00e9fense \u00bb.<\/p>\n<p>&nbsp;<\/p>\n<p><strong>Administrateur syst\u00e8me &#8211; Adjoint chef de cellule<\/strong><br \/>Minist\u00e8re de la D\u00e9fense \/ Service National<br \/>mai 1998 \u2013 juillet 2002<\/p>\n<p>&nbsp;<\/p>\n<p>Suivi d\u2019un parc informatique de 12 machines NT4 et Windows 2000, maintenance et installation. Maintien d\u2019applications Microsoft Access. D\u00e9veloppement d\u2019applications nationales sous Microsoft Access et Delphi.<\/p>\n<p>&nbsp;<\/p>\n<p>Me retrouver sur les r\u00e9seaux sociaux :<\/p>\n<p>&nbsp;<\/p>\n<p><a href=\"https:\/\/twitter.com\/JYvesTrarbach\" target=\"_blank\" rel=\"noopener noreferrer\">twitter<\/a><br \/><a href=\"http:\/\/fr.linkedin.com\/pub\/jean-yves-trarbach\/58\/622\/171\/\" target=\"_blank\" rel=\"noopener noreferrer\">LinkedIn<\/a><br \/><a href=\"https:\/\/www.facebook.com\/profile.php?id=100007615995153\" target=\"_blank\" rel=\"noopener noreferrer\">Facebook<\/a><\/p>\n<p>&nbsp;<\/p>\n<p>[\/et_pb_text][\/et_pb_column][\/et_pb_row][\/et_pb_section]<\/p>","protected":false},"excerpt":{"rendered":"<p>Jean-Yves TRARBACH MVP cat\u00e9gorie Windows and Devices for IT de 2016 \u00e0 2022\u00a0Voici un petit r\u00e9sum\u00e9 de ma carri\u00e8re : CTO Modern WorkplaceMetsysDepuis\u00a0 janvier 2022Mission en projet, de cadrage et d&rsquo;expertiseAvant vente &nbsp; Head of Modern WorkplaceMetsysjuillet 2019 &#8211; janvier 2022Direction de la practice Modern WorkplaceMission en projet, de cadrage et d&rsquo;expertiseAvant vente &nbsp; Architeque [&hellip;]<\/p>","protected":false},"author":1,"featured_media":0,"parent":0,"menu_order":0,"comment_status":"open","ping_status":"open","template":"","meta":{"_et_pb_use_builder":"on","_et_pb_old_content":"<a href=\"https:\/\/les2t.fr\/wp-content\/uploads\/2014\/09\/TRARBACH.jpg\"><img class=\"size-full wp-image-47 aligncenter\" src=\"https:\/\/les2t.fr\/wp-content\/uploads\/2014\/09\/TRARBACH.jpg\" alt=\"TRARBACH\" width=\"80\" height=\"80\" \/><\/a>\nJean-Yves TRARBACH\n\n<strong>MVP cat\u00e9gorie Windows and Devices for IT depuis 2016<\/strong>\n\n<a href=\"https:\/\/mvp.microsoft.com\/fr-fr\" target=\"_blank\" rel=\"attachment noopener wp-att-1653\"><img class=\"size-medium wp-image-1653 aligncenter\" src=\"https:\/\/les2t.fr\/wp-content\/uploads\/2016\/01\/mvp-300x121.jpg\" alt=\"mvp\" width=\"198\" height=\"80\" \/><\/a>\nVoici un petit r\u00e9sum\u00e9 de ma carri\u00e8re :\n\n<strong>Head of Modern Workplace<\/strong>\nMetsys\ndepuis juillet 2019\nDirection de la practice Modern Workplace\n\nMission en projet, de cadrage et d'expertise\n\nAvant vente\n\n<strong>Architeque Technique<\/strong>\nInfeeny\nnovembre 2015 - juillet 2019\nMission en projet, de cadrage et d'expertise.\n\n<strong>Architeque Technique<\/strong>\nEconocom\nnovembre 2013 - novembre 2015\nJ\u2019effectue des missions pour diff\u00e9rent Minist\u00e8re : D\u00e9fense, Finances, Justice concernant le poste de travail.\n\n<strong>Administrateur syst\u00e8me - Chef de cellule<\/strong>\nMinist\u00e8re de la D\u00e9fense \/ DIRISI\njanvier 2010 \u2013 octobre 2013\n\nGestion de 10 personnels en interne \u2013 10 en externe.\nMigration de plusieurs for\u00eats Windows 2003 vers un domaine unique national Windows 2008 (Cr\u00e9ation de scripts et ex\u00e9cution)\nMigration de messagerie de POSTFIX, Exchange 2003, Exchange 5.5 et Lotus vers messagerie nationale Exchange 2010 (Cr\u00e9ation de scripts et ex\u00e9cution)\nImpl\u00e9mentation et administration de plus de 400 serveurs SCCM.\nD\u00e9ploiement et cr\u00e9ation de master Windows 7 (SCCM) au niveau de la D\u00e9fense (objectif 150 000 postes).\nD\u00e9ploiement et packaging d\u2019applications (SCCM) au niveau de la D\u00e9fense.\nAdministrateur national Active directory 2008 \u2013 Exchange 2010 SP1\nAdministration r\u00e9gional des anciens domaines.\nAdministration r\u00e9gional des serveurs Linux (DNS, Messagerie, LDAP \u2026)\nAdministration des serveurs de messagerie.\nExpert technique aupr\u00e8s des soci\u00e9t\u00e9s Thal\u00e9s - Cassidian \u2013 Bull \u2013 St\u00e9ria \u2013 Computacenter \u2013 Microsoft France, ma\u00eetrises d\u2019\u0153uvre pour la D\u00e9fense.\nIntervenant \u2013 Animateur \u00ab Journ\u00e9e Appel Pr\u00e9paration D\u00e9fense \u00bb.\n\n<strong>Chef cellule Administration linux<\/strong>\nMinist\u00e8re de la D\u00e9fense \/ DIRISI\nao\u00fbt 2008 \u2013 d\u00e9cembre 2009\n\nGestion de 3 personnels en interne.\nAdministration r\u00e9gionale (IDF) de serveur Linux CENTOS 5.X\nAdministration DNS BIND.\nAdministration; messagerie POSTFIX (9000 bo\u00eetes), administration LDAP.\nD\u00e9veloppement de sites web m\u00e9tier et de portails en PHP\u00a0.\nD\u00e9veloppement d\u2019une solution d\u2019h\u00e9bergement (Template modifiable) Joomla niveau national.\nIntervenant \u2013 Animateur \u00ab Journ\u00e9e Appel Pr\u00e9paration D\u00e9fense \u00bb.\n\n<strong>Administrateur syst\u00e8me - Adjoint chef de cellule<\/strong>\nMinist\u00e8re de la D\u00e9fense \/ Service National\nao\u00fbt 2002 \u2013 juillet 2008\n\nGestion de 10 personnels en interne.\nGestion et maintien d\u2019un parc de 300 machines sous Windows 2000 et XP. Administration d\u2019un domaine W2000 puis W2003 avec migration de domaine. Administration Exchange 2000 puis 2003, Administration ISA SERVER.\nAdministration et installation de solutions de d\u00e9ploiement \u00e0 distance (RIS). Administration d\u2019anti-virus serveur.\nD\u00e9veloppement de site web m\u00e9tier sous PHP et PCSOFT WEBDEV.\nRelation utilisateur. Formateur WEBDEV.\nIntervenant \u2013 Animateur \u00ab Journ\u00e9e Appel Pr\u00e9paration D\u00e9fense \u00bb.\n\n<strong>Administrateur syst\u00e8me - Adjoint chef de cellule<\/strong>\nMinist\u00e8re de la D\u00e9fense \/ Service National\nmai 1998 \u2013 juillet 2002\n\nSuivi d\u2019un parc informatique de 12 machines NT4 et Windows 2000, maintenance et installation. Maintien d\u2019applications Microsoft Access. D\u00e9veloppement d\u2019applications nationales sous Microsoft Access et Delphi.\n\nMe retrouver sur les r\u00e9seaux sociaux :\n\n<a href=\"https:\/\/twitter.com\/JYvesTrarbach\" target=\"_blank\" rel=\"noopener\">twitter<\/a>\n<a href=\"http:\/\/fr.linkedin.com\/pub\/jean-yves-trarbach\/58\/622\/171\/\" target=\"_blank\" rel=\"noopener\">LinkedIn<\/a>\n<a href=\"https:\/\/www.facebook.com\/profile.php?id=100007615995153\" target=\"_blank\" rel=\"noopener\">Facebook<\/a>","_et_gb_content_width":"","footnotes":""},"class_list":["post-80","page","type-page","status-publish","hentry"],"yoast_head":"<!-- This site is optimized with the Yoast SEO plugin v25.3.1 - https:\/\/yoast.com\/wordpress\/plugins\/seo\/ -->\n<title>Jean-Yves TRARBACH - Les2T<\/title>\n<meta name=\"robots\" content=\"index, follow, max-snippet:-1, max-image-preview:large, max-video-preview:-1\" \/>\n<link rel=\"canonical\" href=\"https:\/\/les2t.fr\/en_us\/jean-yves-trarbach\/\" \/>\n<meta property=\"og:locale\" content=\"en_US\" \/>\n<meta property=\"og:type\" content=\"article\" \/>\n<meta property=\"og:title\" content=\"Jean-Yves TRARBACH - Les2T\" \/>\n<meta property=\"og:description\" content=\"Jean-Yves TRARBACH MVP cat\u00e9gorie Windows and Devices for IT de 2016 \u00e0 2022\u00a0Voici un petit r\u00e9sum\u00e9 de ma carri\u00e8re : CTO Modern WorkplaceMetsysDepuis\u00a0 janvier 2022Mission en projet, de cadrage et d&#039;expertiseAvant vente &nbsp; Head of Modern WorkplaceMetsysjuillet 2019 - janvier 2022Direction de la practice Modern WorkplaceMission en projet, de cadrage et d&#039;expertiseAvant vente &nbsp; Architeque [&hellip;]\" \/>\n<meta property=\"og:url\" content=\"https:\/\/les2t.fr\/en_us\/jean-yves-trarbach\/\" \/>\n<meta property=\"og:site_name\" content=\"Les2T\" \/>\n<meta property=\"article:modified_time\" content=\"2023-02-26T14:26:04+00:00\" \/>\n<meta name=\"twitter:card\" content=\"summary_large_image\" \/>\n<meta name=\"twitter:label1\" content=\"Est. reading time\" \/>\n\t<meta name=\"twitter:data1\" content=\"3 minutes\" \/>\n<script type=\"application\/ld+json\" class=\"yoast-schema-graph\">{\"@context\":\"https:\/\/schema.org\",\"@graph\":[{\"@type\":\"WebPage\",\"@id\":\"https:\/\/les2t.fr\/jean-yves-trarbach\/\",\"url\":\"https:\/\/les2t.fr\/jean-yves-trarbach\/\",\"name\":\"Jean-Yves TRARBACH - Les2T\",\"isPartOf\":{\"@id\":\"https:\/\/les2t.fr\/fr_fr\/#website\"},\"datePublished\":\"2014-09-06T19:22:24+00:00\",\"dateModified\":\"2023-02-26T14:26:04+00:00\",\"breadcrumb\":{\"@id\":\"https:\/\/les2t.fr\/jean-yves-trarbach\/#breadcrumb\"},\"inLanguage\":\"en-US\",\"potentialAction\":[{\"@type\":\"ReadAction\",\"target\":[\"https:\/\/les2t.fr\/jean-yves-trarbach\/\"]}]},{\"@type\":\"BreadcrumbList\",\"@id\":\"https:\/\/les2t.fr\/jean-yves-trarbach\/#breadcrumb\",\"itemListElement\":[{\"@type\":\"ListItem\",\"position\":1,\"name\":\"Home\",\"item\":\"https:\/\/les2t.fr\/fr_fr\/\"},{\"@type\":\"ListItem\",\"position\":2,\"name\":\"Jean-Yves TRARBACH\"}]},{\"@type\":\"WebSite\",\"@id\":\"https:\/\/les2t.fr\/fr_fr\/#website\",\"url\":\"https:\/\/les2t.fr\/fr_fr\/\",\"name\":\"Les2T\",\"description\":\"| BLOG  IT |\",\"potentialAction\":[{\"@type\":\"SearchAction\",\"target\":{\"@type\":\"EntryPoint\",\"urlTemplate\":\"https:\/\/les2t.fr\/fr_fr\/?s={search_term_string}\"},\"query-input\":{\"@type\":\"PropertyValueSpecification\",\"valueRequired\":true,\"valueName\":\"search_term_string\"}}],\"inLanguage\":\"en-US\"}]}<\/script>\n<!-- \/ Yoast SEO plugin. -->","yoast_head_json":{"title":"Jean-Yves TRARBACH - Les2T","robots":{"index":"index","follow":"follow","max-snippet":"max-snippet:-1","max-image-preview":"max-image-preview:large","max-video-preview":"max-video-preview:-1"},"canonical":"https:\/\/les2t.fr\/en_us\/jean-yves-trarbach\/","og_locale":"en_US","og_type":"article","og_title":"Jean-Yves TRARBACH - Les2T","og_description":"Jean-Yves TRARBACH MVP cat\u00e9gorie Windows and Devices for IT de 2016 \u00e0 2022\u00a0Voici un petit r\u00e9sum\u00e9 de ma carri\u00e8re : CTO Modern WorkplaceMetsysDepuis\u00a0 janvier 2022Mission en projet, de cadrage et d'expertiseAvant vente &nbsp; Head of Modern WorkplaceMetsysjuillet 2019 - janvier 2022Direction de la practice Modern WorkplaceMission en projet, de cadrage et d'expertiseAvant vente &nbsp; Architeque [&hellip;]","og_url":"https:\/\/les2t.fr\/en_us\/jean-yves-trarbach\/","og_site_name":"Les2T","article_modified_time":"2023-02-26T14:26:04+00:00","twitter_card":"summary_large_image","twitter_misc":{"Est. reading time":"3 minutes"},"schema":{"@context":"https:\/\/schema.org","@graph":[{"@type":"WebPage","@id":"https:\/\/les2t.fr\/jean-yves-trarbach\/","url":"https:\/\/les2t.fr\/jean-yves-trarbach\/","name":"Jean-Yves TRARBACH - Les2T","isPartOf":{"@id":"https:\/\/les2t.fr\/fr_fr\/#website"},"datePublished":"2014-09-06T19:22:24+00:00","dateModified":"2023-02-26T14:26:04+00:00","breadcrumb":{"@id":"https:\/\/les2t.fr\/jean-yves-trarbach\/#breadcrumb"},"inLanguage":"en-US","potentialAction":[{"@type":"ReadAction","target":["https:\/\/les2t.fr\/jean-yves-trarbach\/"]}]},{"@type":"BreadcrumbList","@id":"https:\/\/les2t.fr\/jean-yves-trarbach\/#breadcrumb","itemListElement":[{"@type":"ListItem","position":1,"name":"Home","item":"https:\/\/les2t.fr\/fr_fr\/"},{"@type":"ListItem","position":2,"name":"Jean-Yves TRARBACH"}]},{"@type":"WebSite","@id":"https:\/\/les2t.fr\/fr_fr\/#website","url":"https:\/\/les2t.fr\/fr_fr\/","name":"Les2T","description":"| BLOG  IT |","potentialAction":[{"@type":"SearchAction","target":{"@type":"EntryPoint","urlTemplate":"https:\/\/les2t.fr\/fr_fr\/?s={search_term_string}"},"query-input":{"@type":"PropertyValueSpecification","valueRequired":true,"valueName":"search_term_string"}}],"inLanguage":"en-US"}]}},"jetpack_sharing_enabled":true,"_links":{"self":[{"href":"https:\/\/les2t.fr\/en_us\/wp-json\/wp\/v2\/pages\/80","targetHints":{"allow":["GET"]}}],"collection":[{"href":"https:\/\/les2t.fr\/en_us\/wp-json\/wp\/v2\/pages"}],"about":[{"href":"https:\/\/les2t.fr\/en_us\/wp-json\/wp\/v2\/types\/page"}],"author":[{"embeddable":true,"href":"https:\/\/les2t.fr\/en_us\/wp-json\/wp\/v2\/users\/1"}],"replies":[{"embeddable":true,"href":"https:\/\/les2t.fr\/en_us\/wp-json\/wp\/v2\/comments?post=80"}],"version-history":[{"count":2,"href":"https:\/\/les2t.fr\/en_us\/wp-json\/wp\/v2\/pages\/80\/revisions"}],"predecessor-version":[{"id":3659,"href":"https:\/\/les2t.fr\/en_us\/wp-json\/wp\/v2\/pages\/80\/revisions\/3659"}],"wp:attachment":[{"href":"https:\/\/les2t.fr\/en_us\/wp-json\/wp\/v2\/media?parent=80"}],"curies":[{"name":"wp","href":"https:\/\/api.w.org\/{rel}","templated":true}]}}