{"id":179,"date":"2014-09-12T09:10:44","date_gmt":"2014-09-12T09:10:44","guid":{"rendered":"http:\/\/lestfrexgn.cluster020.hosting.ovh.net\/?page_id=179"},"modified":"2020-09-24T13:28:01","modified_gmt":"2020-09-24T11:28:01","slug":"a-propos","status":"publish","type":"page","link":"https:\/\/les2t.fr\/en_us\/a-propos\/","title":{"rendered":"About"},"content":{"rendered":"<p>[et_pb_section fb_built=\u00a0\u00bb1&Prime; _builder_version=\u00a0\u00bb3.22&Prime;][et_pb_row _builder_version=\u00a0\u00bb3.25&Prime; background_size=\u00a0\u00bbinitial\u00a0\u00bb background_position=\u00a0\u00bbtop_left\u00a0\u00bb background_repeat=\u00a0\u00bbrepeat\u00a0\u00bb][et_pb_column type=\u00a0\u00bb4_4&Prime; _builder_version=\u00a0\u00bb3.25&Prime; custom_padding=\u00a0\u00bb|||\u00a0\u00bb custom_padding__hover=\u00a0\u00bb|||\u00a0\u00bb][et_pb_text _builder_version=\u00a0\u00bb3.27.4&Prime; background_size=\u00a0\u00bbinitial\u00a0\u00bb background_position=\u00a0\u00bbtop_left\u00a0\u00bb background_repeat=\u00a0\u00bbrepeat\u00a0\u00bb]Bienvenue sur notre Blog.<\/p>\n<p>Celui-ci a \u00e9t\u00e9 con\u00e7u pour nous permettre d\u2019avoir un lieu ou mettre nos connaissances, nos recherches, nos solutions.<br \/>\nUn lieu unique pour notre veille technologique.<\/p>\n<p>Nous y traduisons des articles depuis la langue de Shakespeare en y ajoutant nos remarques (bien s\u00fbr avec le lien vers l\u2019original)<\/p>\n<p>N\u2019h\u00e9sitez pas \u00e0 commenter ou \u00e0 nous poser des questions, nous vous r\u00e9pondrons avec plaisir.<\/p>\n<p>C\u2019est \u00e7a Internet ![\/et_pb_text][\/et_pb_column][\/et_pb_row][\/et_pb_section]<\/p>","protected":false},"excerpt":{"rendered":"<p>Bienvenue sur notre Blog. Celui-ci a \u00e9t\u00e9 con\u00e7u pour nous permettre d\u2019avoir un lieu ou mettre nos connaissances, nos recherches, nos solutions. Un lieu unique pour notre veille technologique. Nous y traduisons des articles depuis la langue de Shakespeare en y ajoutant nos remarques (bien s\u00fbr avec le lien vers l\u2019original) N\u2019h\u00e9sitez pas \u00e0 commenter [&hellip;]<\/p>","protected":false},"author":1,"featured_media":0,"parent":0,"menu_order":0,"comment_status":"open","ping_status":"open","template":"","meta":{"_et_pb_use_builder":"on","_et_pb_old_content":"","_et_gb_content_width":"","footnotes":""},"class_list":["post-179","page","type-page","status-publish","hentry"],"yoast_head":"<!-- This site is optimized with the Yoast SEO plugin v25.3.1 - https:\/\/yoast.com\/wordpress\/plugins\/seo\/ -->\n<title>A Propos - Les2T<\/title>\n<meta name=\"robots\" content=\"index, follow, max-snippet:-1, max-image-preview:large, max-video-preview:-1\" \/>\n<link rel=\"canonical\" href=\"https:\/\/les2t.fr\/en_us\/a-propos\/\" \/>\n<meta property=\"og:locale\" content=\"en_US\" \/>\n<meta property=\"og:type\" content=\"article\" \/>\n<meta property=\"og:title\" content=\"A Propos - Les2T\" \/>\n<meta property=\"og:description\" content=\"Bienvenue sur notre Blog. Celui-ci a \u00e9t\u00e9 con\u00e7u pour nous permettre d\u2019avoir un lieu ou mettre nos connaissances, nos recherches, nos solutions. Un lieu unique pour notre veille technologique. Nous y traduisons des articles depuis la langue de Shakespeare en y ajoutant nos remarques (bien s\u00fbr avec le lien vers l\u2019original) N\u2019h\u00e9sitez pas \u00e0 commenter [&hellip;]\" \/>\n<meta property=\"og:url\" content=\"https:\/\/les2t.fr\/en_us\/a-propos\/\" \/>\n<meta property=\"og:site_name\" content=\"Les2T\" \/>\n<meta property=\"article:modified_time\" content=\"2020-09-24T11:28:01+00:00\" \/>\n<meta name=\"twitter:card\" content=\"summary_large_image\" \/>\n<meta name=\"twitter:label1\" content=\"Est. reading time\" \/>\n\t<meta name=\"twitter:data1\" content=\"1 minute\" \/>\n<script type=\"application\/ld+json\" class=\"yoast-schema-graph\">{\"@context\":\"https:\/\/schema.org\",\"@graph\":[{\"@type\":\"WebPage\",\"@id\":\"https:\/\/les2t.fr\/a-propos\/\",\"url\":\"https:\/\/les2t.fr\/a-propos\/\",\"name\":\"A Propos - Les2T\",\"isPartOf\":{\"@id\":\"https:\/\/les2t.fr\/fr_fr\/#website\"},\"datePublished\":\"2014-09-12T09:10:44+00:00\",\"dateModified\":\"2020-09-24T11:28:01+00:00\",\"breadcrumb\":{\"@id\":\"https:\/\/les2t.fr\/a-propos\/#breadcrumb\"},\"inLanguage\":\"en-US\",\"potentialAction\":[{\"@type\":\"ReadAction\",\"target\":[\"https:\/\/les2t.fr\/a-propos\/\"]}]},{\"@type\":\"BreadcrumbList\",\"@id\":\"https:\/\/les2t.fr\/a-propos\/#breadcrumb\",\"itemListElement\":[{\"@type\":\"ListItem\",\"position\":1,\"name\":\"Home\",\"item\":\"https:\/\/les2t.fr\/fr_fr\/\"},{\"@type\":\"ListItem\",\"position\":2,\"name\":\"A Propos\"}]},{\"@type\":\"WebSite\",\"@id\":\"https:\/\/les2t.fr\/fr_fr\/#website\",\"url\":\"https:\/\/les2t.fr\/fr_fr\/\",\"name\":\"Les2T\",\"description\":\"| BLOG  IT |\",\"potentialAction\":[{\"@type\":\"SearchAction\",\"target\":{\"@type\":\"EntryPoint\",\"urlTemplate\":\"https:\/\/les2t.fr\/fr_fr\/?s={search_term_string}\"},\"query-input\":{\"@type\":\"PropertyValueSpecification\",\"valueRequired\":true,\"valueName\":\"search_term_string\"}}],\"inLanguage\":\"en-US\"}]}<\/script>\n<!-- \/ Yoast SEO plugin. -->","yoast_head_json":{"title":"A Propos - Les2T","robots":{"index":"index","follow":"follow","max-snippet":"max-snippet:-1","max-image-preview":"max-image-preview:large","max-video-preview":"max-video-preview:-1"},"canonical":"https:\/\/les2t.fr\/en_us\/a-propos\/","og_locale":"en_US","og_type":"article","og_title":"A Propos - Les2T","og_description":"Bienvenue sur notre Blog. Celui-ci a \u00e9t\u00e9 con\u00e7u pour nous permettre d\u2019avoir un lieu ou mettre nos connaissances, nos recherches, nos solutions. Un lieu unique pour notre veille technologique. Nous y traduisons des articles depuis la langue de Shakespeare en y ajoutant nos remarques (bien s\u00fbr avec le lien vers l\u2019original) N\u2019h\u00e9sitez pas \u00e0 commenter [&hellip;]","og_url":"https:\/\/les2t.fr\/en_us\/a-propos\/","og_site_name":"Les2T","article_modified_time":"2020-09-24T11:28:01+00:00","twitter_card":"summary_large_image","twitter_misc":{"Est. reading time":"1 minute"},"schema":{"@context":"https:\/\/schema.org","@graph":[{"@type":"WebPage","@id":"https:\/\/les2t.fr\/a-propos\/","url":"https:\/\/les2t.fr\/a-propos\/","name":"A Propos - Les2T","isPartOf":{"@id":"https:\/\/les2t.fr\/fr_fr\/#website"},"datePublished":"2014-09-12T09:10:44+00:00","dateModified":"2020-09-24T11:28:01+00:00","breadcrumb":{"@id":"https:\/\/les2t.fr\/a-propos\/#breadcrumb"},"inLanguage":"en-US","potentialAction":[{"@type":"ReadAction","target":["https:\/\/les2t.fr\/a-propos\/"]}]},{"@type":"BreadcrumbList","@id":"https:\/\/les2t.fr\/a-propos\/#breadcrumb","itemListElement":[{"@type":"ListItem","position":1,"name":"Home","item":"https:\/\/les2t.fr\/fr_fr\/"},{"@type":"ListItem","position":2,"name":"A Propos"}]},{"@type":"WebSite","@id":"https:\/\/les2t.fr\/fr_fr\/#website","url":"https:\/\/les2t.fr\/fr_fr\/","name":"Les2T","description":"| BLOG  IT |","potentialAction":[{"@type":"SearchAction","target":{"@type":"EntryPoint","urlTemplate":"https:\/\/les2t.fr\/fr_fr\/?s={search_term_string}"},"query-input":{"@type":"PropertyValueSpecification","valueRequired":true,"valueName":"search_term_string"}}],"inLanguage":"en-US"}]}},"jetpack_sharing_enabled":true,"_links":{"self":[{"href":"https:\/\/les2t.fr\/en_us\/wp-json\/wp\/v2\/pages\/179","targetHints":{"allow":["GET"]}}],"collection":[{"href":"https:\/\/les2t.fr\/en_us\/wp-json\/wp\/v2\/pages"}],"about":[{"href":"https:\/\/les2t.fr\/en_us\/wp-json\/wp\/v2\/types\/page"}],"author":[{"embeddable":true,"href":"https:\/\/les2t.fr\/en_us\/wp-json\/wp\/v2\/users\/1"}],"replies":[{"embeddable":true,"href":"https:\/\/les2t.fr\/en_us\/wp-json\/wp\/v2\/comments?post=179"}],"version-history":[{"count":0,"href":"https:\/\/les2t.fr\/en_us\/wp-json\/wp\/v2\/pages\/179\/revisions"}],"wp:attachment":[{"href":"https:\/\/les2t.fr\/en_us\/wp-json\/wp\/v2\/media?parent=179"}],"curies":[{"name":"wp","href":"https:\/\/api.w.org\/{rel}","templated":true}]}}